{"id":9829,"date":"2025-11-03T12:57:29","date_gmt":"2025-11-03T11:57:29","guid":{"rendered":"https:\/\/skolahorsice.cz\/w\/?page_id=9829"},"modified":"2025-11-27T08:55:55","modified_gmt":"2025-11-27T07:55:55","slug":"skolni-poradenske-pracoviste","status":"publish","type":"page","link":"https:\/\/skolahorsice.cz\/w\/skolni-poradenske-pracoviste\/","title":{"rendered":"\u0160koln\u00ed poradensk\u00e9 pracovi\u0161t\u011b"},"content":{"rendered":"\n<figure class=\"wp-block-table aligncenter is-style-stripes\"><table class=\"has-background\" style=\"background-color:#fcf0ef\"><tbody><tr><td class=\"has-text-align-center\" data-align=\"center\"><span style=\"text-decoration: underline;\"><a href=\"https:\/\/skolahorsice.cz\/w\/wp-content\/uploads\/2025\/09\/vnitrnisd.doc\"><span style=\"text-decoration: underline;\"><a href=\"https:\/\/skolahorsice.cz\/w\/wp-content\/uploads\/2025\/11\/plan.odt\">Pl\u00e1n v\u00fdchovn\u00e9ho poradenstv\u00ed na \u0161koln\u00ed rok 2025\/ 2026<\/a><\/span><\/a><\/span><\/td><\/tr><\/tbody><\/table><\/figure>\n\n\n\n<p><strong>Poradensk\u00fd syst\u00e9m<\/strong><\/p>\n\n\n\n<p>Na z\u00e1klad\u011b z\u00e1kona \u010d.&nbsp;561\/2004 Sb. a&nbsp;zabezpe\u010duje slu\u017ebu&nbsp;na&nbsp;\u0161kole diagnostick\u00e9ho a&nbsp;poradensk\u00e9ho charakteru.&nbsp; \u0160PP jsou pops\u00e1na ve&nbsp;vyhl\u00e1\u0161ce \u010d.&nbsp;72\/2005 Sb.,o poskytov\u00e1n\u00ed poradensk\u00fdch slu\u017eeb ve&nbsp;\u0161kol\u00e1ch a&nbsp;\u0161kolsk\u00fdch poradensk\u00fdch za\u0159\u00edzen\u00edch, ve&nbsp;zn\u011bn\u00ed vyhl\u00e1\u0161ky \u010d.&nbsp;197\/2016 Sb.<\/p>\n\n\n\n<p>\u0160koln\u00ed poradensk\u00e9 pracovi\u0161t\u011b (d\u00e1le jen \u0160PP) je za\u0159\u00edzen\u00ed, kter\u00e9 p\u0159edstavuje vz\u00e1jemn\u011b propojen\u00fd celek v\u00fdchovn\u00e9 oblasti \u0161koly (v\u00fdchovn\u00e9 a kari\u00e9rov\u00e9 poradenstv\u00ed) a preventivn\u00ed oblasti \u0161koly (prim\u00e1rn\u00ed prevence) a hlavn\u00edm jeho c\u00edlem je poskytov\u00e1n\u00ed poradensk\u00fdch slu\u017eeb ve \u0161kole. V\u00fdchovn\u00fd (poradensk\u00fd) a preventivn\u00ed t\u00fdm je slo\u017een\u00fd z \u0159editele \u0161koly, v\u00fdchovn\u00e9ho poradce, \u0161koln\u00edho metodika prevence a t\u0159\u00eddn\u00edch u\u010ditel\u016f . Dal\u0161\u00ed poradensk\u00e9 slu\u017eby \u0160PP zaji\u0161\u0165uje ve&nbsp;spolupr\u00e1ci se&nbsp;\u0161kolsk\u00fdm poradensk\u00fdm za\u0159\u00edzen\u00edm (\u0160PZ): pedagogicko-psychologick\u00e1 poradna (PPP) a Speci\u00e1ln\u011b pedagogick\u00e9 centrum \u2013 pro vady \u0159e\u010di, zraku.<\/p>\n\n\n\n<p><strong>Rodi\u010de si mohou sjedn\u00e1vat sch\u016fzku telefonicky nebo&nbsp;e-mailem. V&nbsp;p\u0159\u00edpad\u011b pot\u0159eby dojedn\u00e1n\u00ed konzultace s&nbsp;PPP ve \u0161kole se&nbsp;rodi\u010de obr\u00e1t\u00ed na&nbsp;v\u00fdchovnou poradkyni.<\/strong> \u017d\u00e1ci se&nbsp;na&nbsp;pracovn\u00edky \u0160PP obrac\u00ed se&nbsp;sv\u00fdmi probl\u00e9my v p\u0159\u00edpad\u011b jejich pot\u0159eby ihned.<\/p>\n\n\n\n<p>K&nbsp;hlavn\u00edm c\u00edl\u016fm \u0160PP pat\u0159\u00ed udr\u017een\u00ed p\u0159\u00edzniv\u00e9ho klimatu na&nbsp;\u0161kole, pos\u00edlen\u00ed pozitivn\u00edch vztah\u016f mezi&nbsp;v\u0161emi subjekty \u0161koly, poskytov\u00e1n\u00ed podp\u016frn\u00fdch opat\u0159en\u00ed pro&nbsp;\u017e\u00e1ky se&nbsp;speci\u00e1ln\u00edmi vzd\u011bl\u00e1vac\u00edmi pot\u0159ebami, prevence a&nbsp;\u0159e\u0161en\u00ed vzd\u011bl\u00e1vac\u00edch a&nbsp;v\u00fdchovn\u00fdch probl\u00e9m\u016f.<\/p>\n\n\n\n<p><strong>Pracovn\u00edci \u0160PP + kontakty<\/strong><\/p>\n\n\n\n<p>Mgr.&nbsp;Jana Tolarov\u00e1&nbsp;\u2013 v\u00fdchovn\u00e1 poradkyn\u011b<br>E-mail: <a href=\"mailto:tolarova.jana@volny.cz\"><span style=\"text-decoration: underline;\">tolarova.jana@volny.cz<\/span><\/a><br>Telefon: 604 256 261<\/p>\n\n\n\n<p>Mgr. Anna Kroupov\u00e1 \u2013 \u0161koln\u00ed metodik prevence<br>E-mail: <a href=\"mailto:anna.kroupova.skola@gmail.com\"><span style=\"text-decoration: underline;\">anna.kroupova.skola@gmail.com<\/span><\/a><br>Telefon: 377 986 680<\/p>\n\n\n\n<p><strong>\u010cinnost na\u0161eho <\/strong><strong>\u0160PP<\/strong><strong> je zam\u011b\u0159en<\/strong><strong>a<\/strong><strong> na:<\/strong><\/p>\n\n\n\n<ul class=\"wp-block-list\">\n<li>poskytov\u00e1n\u00ed poradensk\u00fdch a&nbsp;konzulta\u010dn\u00edch slu\u017eeb \u017e\u00e1k\u016fm, rodi\u010d\u016fm a&nbsp;pedagog\u016fm<\/li>\n\n\n\n<li>prevenci \u0161koln\u00ed ne\u00fasp\u011b\u0161nosti<\/li>\n\n\n\n<li>prevenci rizikov\u00fdch forem chov\u00e1n\u00ed<\/li>\n\n\n\n<li>\u0159e\u0161en\u00ed v\u00fdukov\u00fdch a&nbsp;v\u00fdchovn\u00fdch obt\u00ed\u017e\u00ed<\/li>\n\n\n\n<li>intervenci p\u0159i&nbsp;aktu\u00e1ln\u00edch probl\u00e9mech<\/li>\n\n\n\n<li>organizaci preventivn\u00edch program\u016f<\/li>\n\n\n\n<li>metodickou podporu u\u010ditel\u016fm p\u0159i&nbsp;pou\u017eit\u00ed psychologick\u00fdch a&nbsp;speci\u00e1ln\u011b pedagogick\u00fdch postup\u016f ve&nbsp;vzd\u011bl\u00e1vac\u00ed \u010dinnosti \u0161koly<\/li>\n\n\n\n<li>metodickou podporu asistent\u016f pedagoga<\/li>\n\n\n\n<li>vytv\u00e1\u0159en\u00ed pozitivn\u00edho klimatu \u0161koly<\/li>\n\n\n\n<li>vytv\u00e1\u0159en\u00ed vhodn\u00fdch podm\u00ednek pro&nbsp;vzd\u011bl\u00e1v\u00e1n\u00ed a&nbsp;zdrav\u00fd v\u00fdvoj \u017e\u00e1k\u016f<\/li>\n\n\n\n<li>p\u00e9\u010di o&nbsp;\u017e\u00e1ky s&nbsp;pot\u0159ebou podp\u016frn\u00fdch opat\u0159en\u00ed<\/li>\n\n\n\n<li>p\u00e9\u010di o&nbsp;\u017e\u00e1ky nadan\u00e9 a&nbsp;mimo\u0159\u00e1dn\u011b nadan\u00e9<\/li>\n\n\n\n<li>vyhodnocov\u00e1n\u00ed poskytov\u00e1n\u00ed podp\u016frn\u00fdch opat\u0159en\u00ed \u017e\u00e1k\u016fm se&nbsp;speci\u00e1ln\u00edmi vzd\u011bl\u00e1vac\u00edmi pot\u0159ebami<\/li>\n\n\n\n<li>podporu vzd\u011bl\u00e1v\u00e1n\u00ed a&nbsp;soci\u00e1ln\u00edho za\u010dle\u0148ov\u00e1n\u00ed \u017e\u00e1k\u016f z&nbsp;odli\u0161n\u00e9ho kulturn\u00edho prost\u0159ed\u00ed a&nbsp;s&nbsp;odli\u0161n\u00fdmi \u017eivotn\u00edmi podm\u00ednkami<\/li>\n\n\n\n<li>metodickou podporu asistent\u016f pedagoga<\/li>\n\n\n\n<li>posilov\u00e1n\u00ed spolupr\u00e1ce a&nbsp;komunikace mezi&nbsp;\u0161kolou, rodi\u010di a&nbsp;spolupracuj\u00edc\u00edmi subjekty<\/li>\n<\/ul>\n\n\n\n<p>&nbsp; <strong>V\u00fdchovn\u00fd poradce:<\/strong><\/p>\n\n\n\n<ul class=\"wp-block-list\">\n<li>sleduje a shroma\u017e\u010fuje zpr\u00e1vy vy\u0161et\u0159en\u00fdch \u017e\u00e1k\u016f se SVP.<\/li>\n\n\n\n<li>pom\u00e1h\u00e1 p\u0159i vypl\u0148ov\u00e1n\u00ed dotazn\u00edk\u016f a vytv\u00e1\u0159en\u00ed PPO<\/li>\n\n\n\n<li>konzultuje s t\u0159\u00eddn\u00edmi u\u010diteli \u017e\u00e1ky s podp\u016frn\u00fdmi opat\u0159en\u00edmi<\/li>\n\n\n\n<li>spolupracuje s asistenty<\/li>\n\n\n\n<li>spolupr\u00e1cuje s metodikem prevence rizikov\u00e9ho chov\u00e1n\u00ed (programy na podporu prevence \u0161ikany, vandalismu, agresivity a z\u00e1vislosti r\u016fzn\u00e9ho typu)<\/li>\n\n\n\n<li>navazuje kontakt s rodi\u010di soci\u00e1ln\u011b znev\u00fdhodn\u011bn\u00fdch \u017e\u00e1k\u016f a spolupracuje s OSPOD,<\/li>\n\n\n\n<li>spolupracuje s t\u0159\u00eddn\u00edmi u\u010diteli p\u0159i \u0159e\u0161en\u00ed v\u00fdchovn\u00fdch probl\u00e9m\u016f<\/li>\n\n\n\n<li>je k dispozici \u017e\u00e1k\u016fm, ostatn\u00edm vyu\u010duj\u00edc\u00edm, po domluv\u011b je k dispozici rodi\u010d\u016fm \u017e\u00e1k\u016f <\/li>\n<\/ul>\n\n\n\n<p><strong>\u0160koln\u00ed metodik prevence:<\/strong><\/p>\n\n\n\n<ul class=\"wp-block-list\">\n<li> vykon\u00e1v\u00e1 \u010dinnosti metodick\u00e9, koordina\u010dn\u00ed, informa\u010dn\u00ed a poradensk\u00e9. O t\u011bchto \u010dinnostech vede p\u00edsemnou dokumentaci.<\/li>\n\n\n\n<li>zpracov\u00e1v\u00e1 Minim\u00e1ln\u00ed preventivn\u00ed program<\/li>\n\n\n\n<li>koordinuje tvorbu a kontrolu realizace preventivn\u00edho programu,<\/li>\n\n\n\n<li>koordinuje aktivity \u0161koly zam\u011b\u0159en\u00fdch na prevenci z\u00e1\u0161kol\u00e1ctv\u00ed, z\u00e1vislost\u00ed, n\u00e1sil\u00ed, vandalismu, sexu\u00e1ln\u00edho zneu\u017e\u00edv\u00e1n\u00ed, zneu\u017e\u00edv\u00e1n\u00ed sektami, krimin\u00e1ln\u00edho chov\u00e1n\u00ed, rizikov\u00fdch projev\u016f sebepo\u0161kozov\u00e1n\u00ed a dal\u0161\u00edch soci\u00e1ln\u011b patologick\u00fdch jev\u016f<\/li>\n\n\n\n<li>metodicky vede \u010dinnosti u\u010ditel\u016f \u0161koly v oblasti prevence soci\u00e1ln\u011b patologick\u00fdch jev\u016f (vyhled\u00e1v\u00e1n\u00ed probl\u00e9mov\u00fdch projev\u016f chov\u00e1n\u00ed, preventivn\u00ed pr\u00e1ce s t\u0159\u00eddn\u00edmi kolektivy apod.)<\/li>\n\n\n\n<li>koordinuje vzd\u011bl\u00e1v\u00e1n\u00ed pedagog\u016f \u0161koly v oblasti prevence soci\u00e1ln\u011b patologick\u00fdch jev\u016f<\/li>\n\n\n\n<li>koordinuje spolupr\u00e1ci \u0161koly s org\u00e1ny st\u00e1tn\u00ed spr\u00e1vy a samospr\u00e1vy, kter\u00e9 maj\u00ed v kompetenci<\/li>\n\n\n\n<li>v p\u0159\u00edpad\u011b pot\u00ed\u017e\u00ed \u0159e\u0161\u00ed problematiku prevence soci\u00e1ln\u011b patologick\u00fdch jev\u016f, s metodikem preventivn\u00edch aktivit v pedagogicko-psychologick\u00e9 poradn\u011b a s odborn\u00fdmi pracovi\u0161ti (poradensk\u00fdmi, terapeutick\u00fdmi, preventivn\u00edmi, krizov\u00fdmi a dal\u0161\u00edmi za\u0159\u00edzen\u00edmi a institucemi), kter\u00e9 p\u016fsob\u00ed v oblasti prevence soci\u00e1ln\u011b patologick\u00fdch jev\u016f<\/li>\n\n\n\n<li>shroma\u017e\u010fuje odborn\u00e9 zpr\u00e1vy a informace o \u017e\u00e1c\u00edch v poradensk\u00e9 p\u00e9\u010di specializovan\u00fdch poradensk\u00fdch za\u0159\u00edzen\u00ed v r\u00e1mci prevence soci\u00e1ln\u011b patologick\u00fdch jev\u016f<\/li>\n\n\n\n<li>je k dispozici \u017e\u00e1k\u016fm, ostatn\u00edm vyu\u010duj\u00edc\u00edm, po domluv\u011b je k dispozici rodi\u010d\u016fm \u017e\u00e1k\u016f<\/li>\n\n\n\n<li>organizuje ve spolupr\u00e1ci s v\u00fdchovn\u00fdm poradce v\u00fdchovn\u00e9 a preventivn\u00ed akce pro \u017e\u00e1ky<\/li>\n\n\n\n<li>zaji\u0161\u0165uje a p\u0159ed\u00e1v\u00e1 odborn\u00e9 informace o problematice soci\u00e1ln\u011b patologick\u00fdch jev\u016f, o nab\u00eddk\u00e1ch program\u016f a projekt\u016f, o metod\u00e1ch a reform\u00e1ch specifick\u00e9 prim\u00e1rn\u00ed prevence pedagog\u016fm \u0161koly<\/li>\n\n\n\n<li>vede p\u00edsemn\u00e9 z\u00e1znamy umo\u017e\u0148uj\u00edc\u00ed dolo\u017eit rozsah a obsah \u010dinnosti \u0161koln\u00edho metodika prevence<\/li>\n\n\n\n<li>spolupracuje s t\u0159\u00eddn\u00edmi u\u010diteli p\u0159i zachycov\u00e1n\u00ed varovn\u00fdch sign\u00e1l\u016f spojen\u00fdch s mo\u017enost\u00ed rozvoje soci\u00e1ln\u011b patologick\u00fdch jev\u016f u jednotliv\u00fdch \u017e\u00e1k\u016f a t\u0159\u00edd<\/li>\n\n\n\n<li>je k dispozici \u017e\u00e1k\u016fm, ostatn\u00edm vyu\u010duj\u00edc\u00edm, po domluv\u011b je k dispozici rodi\u010d\u016fm \u017e\u00e1k\u016f<\/li>\n<\/ul>\n\n\n\n<p>Mgr. Jana Tolarov\u00e1<br>v\u00fdchovn\u00e1 poradkyn\u011b<br><br>Mgr. Anna Kroupov\u00e1<br>\u0161koln\u00ed metodik prevence<br><br>V Hor\u0161ic\u00edch dne 3. 10. 2025<\/p>\n","protected":false},"excerpt":{"rendered":"<p>Pl\u00e1n v\u00fdchovn\u00e9ho poradenstv\u00ed na \u0161koln\u00ed rok 2025\/ 2026 Poradensk\u00fd syst\u00e9m Na z\u00e1klad\u011b z\u00e1kona \u010d.&nbsp;561\/2004 Sb. a&nbsp;zabezpe\u010duje slu\u017ebu&nbsp;na&nbsp;\u0161kole diagnostick\u00e9ho a&nbsp;poradensk\u00e9ho charakteru.&nbsp; \u0160PP jsou pops\u00e1na ve&nbsp;vyhl\u00e1\u0161ce \u010d.&nbsp;72\/2005 Sb.,o poskytov\u00e1n\u00ed poradensk\u00fdch slu\u017eeb ve&nbsp;\u0161kol\u00e1ch a&nbsp;\u0161kolsk\u00fdch poradensk\u00fdch za\u0159\u00edzen\u00edch, ve&nbsp;zn\u011bn\u00ed vyhl\u00e1\u0161ky \u010d.&nbsp;197\/2016 Sb. \u0160koln\u00ed poradensk\u00e9 pracovi\u0161t\u011b (d\u00e1le jen \u0160PP) je za\u0159\u00edzen\u00ed, kter\u00e9 p\u0159edstavuje vz\u00e1jemn\u011b propojen\u00fd celek v\u00fdchovn\u00e9 oblasti \u0161koly (v\u00fdchovn\u00e9 a [&hellip;]<\/p>\n","protected":false},"author":1,"featured_media":0,"parent":0,"menu_order":0,"comment_status":"closed","ping_status":"closed","template":"","meta":{"footnotes":""},"class_list":["post-9829","page","type-page","status-publish","hentry"],"_links":{"self":[{"href":"https:\/\/skolahorsice.cz\/w\/wp-json\/wp\/v2\/pages\/9829","targetHints":{"allow":["GET"]}}],"collection":[{"href":"https:\/\/skolahorsice.cz\/w\/wp-json\/wp\/v2\/pages"}],"about":[{"href":"https:\/\/skolahorsice.cz\/w\/wp-json\/wp\/v2\/types\/page"}],"author":[{"embeddable":true,"href":"https:\/\/skolahorsice.cz\/w\/wp-json\/wp\/v2\/users\/1"}],"replies":[{"embeddable":true,"href":"https:\/\/skolahorsice.cz\/w\/wp-json\/wp\/v2\/comments?post=9829"}],"version-history":[{"count":14,"href":"https:\/\/skolahorsice.cz\/w\/wp-json\/wp\/v2\/pages\/9829\/revisions"}],"predecessor-version":[{"id":10044,"href":"https:\/\/skolahorsice.cz\/w\/wp-json\/wp\/v2\/pages\/9829\/revisions\/10044"}],"wp:attachment":[{"href":"https:\/\/skolahorsice.cz\/w\/wp-json\/wp\/v2\/media?parent=9829"}],"curies":[{"name":"wp","href":"https:\/\/api.w.org\/{rel}","templated":true}]}}