{"id":12,"date":"2020-07-29T10:08:54","date_gmt":"2020-07-29T08:08:54","guid":{"rendered":"https:\/\/skolahorsice.cz\/w\/?page_id=12"},"modified":"2026-04-15T13:34:02","modified_gmt":"2026-04-15T11:34:02","slug":"uvdni-stranka","status":"publish","type":"page","link":"https:\/\/skolahorsice.cz\/w\/","title":{"rendered":"V\u00edt\u00e1me V\u00e1s na internetov\u00fdch str\u00e1nk\u00e1ch Z\u0160 a M\u0160 Hor\u0161ice, p\u0159\u00edsp\u011bvkov\u00e9 organizace"},"content":{"rendered":"<div class=\"wp-block-image\">\n<figure class=\"aligncenter size-full\"><img loading=\"lazy\" decoding=\"async\" width=\"600\" height=\"178\" src=\"https:\/\/skolahorsice.cz\/w\/wp-content\/uploads\/2025\/09\/p3-1.jpg\" alt=\"\" class=\"wp-image-9443\" srcset=\"https:\/\/skolahorsice.cz\/w\/wp-content\/uploads\/2025\/09\/p3-1.jpg 600w, https:\/\/skolahorsice.cz\/w\/wp-content\/uploads\/2025\/09\/p3-1-300x89.jpg 300w\" sizes=\"auto, (max-width: 600px) 100vw, 600px\" \/><\/figure><\/div>\n\n\n<p><\/p>\n\n\n\n<p class=\"has-text-align-center has-white-color has-text-color has-background has-link-color wp-elements-29c385bff72115f95dd57e4348b8bc95\" style=\"background-color:#ce355c\"><strong>V\u00e1\u017een\u00ed z\u00e1konn\u00ed z\u00e1stupci,<br>v \u00fater\u00fd 21. 4. 2026 v 16, 00 hod. se uskute\u010dn\u00ed t\u0159\u00eddn\u00ed sch\u016fzky,<br>pot\u00e9 budou n\u00e1sledovat individu\u00e1ln\u00ed konzultace<br>o prosp\u011bchu a chov\u00e1n\u00ed \u017e\u00e1k\u016f za III. \u010dtvrtlet\u00ed.<\/strong><\/p>\n\n\n\n<p class=\"has-white-color has-text-color has-background has-link-color wp-elements-189da260d645fdb797113041ff293bb4\" style=\"background-color:#2878c8\"><strong>Nastaly u\u017e lep\u0161\u00ed \u010dasy?<\/strong><br>Minul\u00fd t\u00fdden jsem byla oslovena sle\u010dnou B\u00e1rou V\u00fdchodskou, kter\u00e1 se nyn\u00ed zapojila do veden\u00ed Ob\u010dasn\u00edku Hor\u0161icko s&nbsp;t\u00edm, \u017ee mi umo\u017en\u00ed vkl\u00e1dat sv\u00e9 p\u0159\u00edsp\u011bvky a informovat obec Hor\u0161ice o d\u011bn\u00ed ve \u0161kole. Douf\u00e1m, \u017ee to bude alespo\u0148 trochu p\u0159\u00ednosn\u00e9, proto\u017ee o akc\u00edch \u0161koly v\u00e1s pravideln\u011b informujeme na na\u0161em webu a douf\u00e1m, \u017ee docela podrobn\u011b. Nevad\u00ed, mo\u017en\u00e1 se m\u00e9 p\u0159\u00edsp\u011bvky budou trochu t\u00fdkat person\u00e1ln\u00edch z\u00e1le\u017eitost\u00ed a nov\u00e9ho vybaven\u00ed \u0161koly.<br>Pokra\u010dov\u00e1n\u00ed <strong><span style=\"text-decoration: underline;\"><a href=\"https:\/\/skolahorsice.cz\/w\/nastaly-uz-lepsi-casy\/\">ZDE<\/a><\/span><\/strong><\/p>\n\n\n\n<p class=\"has-white-color has-text-color has-background has-link-color wp-elements-7b5565197a379b447014b78e991cedbe\" style=\"background-color:#d54228\"><strong>Akce a vzd\u011bl\u00e1vac\u00ed programy na m\u011bs\u00edc duben \u2013 \u010derven 2026<\/strong><br><br><strong>Duben<\/strong><br>23.4. Anima\u010dn\u00ed workshop \u010ce\u0161tina obrazem\/ 3. ro\u010dn\u00edk<br>24.4. Den Zem\u011b\/ projekt pro 1. &#8211; 5. ro\u010dn\u00edk<br>28.4. Anima\u010dn\u00ed workshop \u010ce\u0161tina obrazem\/ 4. a 5. ro\u010dn\u00edk<br><br><strong>Kv\u011bten<\/strong><br>14.5. Fotografov\u00e1n\u00ed<br>20.5. Canisterapie<br>28.5. &#8211; 29. 5. Andersenova noc \/ 4. a 5. ro\u010dn\u00edk<br><br><strong>\u010cerven<\/strong><br>4.6. \u0160koln\u00ed v\u00fdlet<br>5.6. \u0158editelsk\u00e9 volno<br>15.6. P\u00e1\u0165\u00e1ci v P\u0159e\u0161tic\u00edch<br>19.6. Dopravn\u00ed h\u0159i\u0161t\u011b Blovice<br>20.6. Zahradn\u00ed slavnost<br>23.6. Prohl\u00eddka hradu \u0160vihov spojen\u00e1 s divadeln\u00edm p\u0159edstaven\u00edm<br>25.6. Olympi\u00e1da M\u0160 a Z\u0160 Hor\u0161ice<\/p>\n\n\n\n<p class=\"has-white-color has-text-color has-background has-link-color wp-elements-8711ba2904da52f57c3a3bfde5275fd0\" style=\"background-color:#ce355c\"><strong>Kdy\u017e m\u00e1m probl\u00e9m, pom\u016f\u017ee n\u00e1m\u2026.<\/strong><br>\u0158e\u0161\u00edte situaci, se kterou si nev\u00edte rady? M\u00e1te probl\u00e9my p\u0159i vzd\u011bl\u00e1v\u00e1n\u00ed sv\u00e9ho d\u00edt\u011bte? Pot\u0159ebuje speci\u00e1ln\u00ed p\u00e9\u010di nebo jste v obt\u00ed\u017en\u00e9 situaci? Hled\u00e1te volno\u010dasov\u00e9 aktivity<br>nebo pomoc p\u0159i vzd\u011bl\u00e1v\u00e1n\u00ed va\u0161eho d\u00edt\u011bte? <strong><span style=\"text-decoration: underline;\"><a href=\"https:\/\/skolahorsice.cz\/w\/wp-content\/uploads\/2026\/01\/mapa.pdf\">ZDE<\/a><\/span><\/strong><\/p>\n\n\n\n<p class=\"has-text-align-center has-white-color has-text-color has-background has-link-color wp-elements-c130ebed6db1484981e6d8516405bcf1\" style=\"background-color:#608000\"><a href=\"https:\/\/skolahorsice.cz\/w\/pomahame-druhym\/\"><img loading=\"lazy\" decoding=\"async\" width=\"550\" height=\"271\" class=\"wp-image-10169\" style=\"width: 550px;\" src=\"https:\/\/skolahorsice.cz\/w\/wp-content\/uploads\/2025\/12\/p6.jpg\" alt=\"Projekt Lexo pro centrum H\u00e1jek z. \u00fa. Za ka\u017ed\u00fdm krokem se skr\u00fdv\u00e1 velk\u00e9 dobrodru\u017estv\u00ed.\" srcset=\"https:\/\/skolahorsice.cz\/w\/wp-content\/uploads\/2025\/12\/p6.jpg 554w, https:\/\/skolahorsice.cz\/w\/wp-content\/uploads\/2025\/12\/p6-300x148.jpg 300w\" sizes=\"auto, (max-width: 550px) 100vw, 550px\" \/><\/a><br><strong>Projekt Lexo pro centrum H\u00e1jek z. \u00fa.<\/strong><br><strong>Za ka\u017ed\u00fdm krokem se skr\u00fdv\u00e1 velk\u00e9 dobrodru\u017estv\u00ed<\/strong> <strong><span style=\"text-decoration: underline;\"><a href=\"https:\/\/skolahorsice.cz\/w\/pomahame-druhym\/\">ZDE<\/a><\/span><\/strong><\/p>\n\n\n\n<p class=\"has-text-align-center has-white-color has-text-color has-background has-link-color wp-elements-9292c3580756dd5752d7e1fcfea9d6e0\" style=\"background-color:#2878c8\"><img loading=\"lazy\" decoding=\"async\" width=\"350\" height=\"492\" class=\"wp-image-10083\" style=\"width: 350px;\" src=\"https:\/\/skolahorsice.cz\/w\/wp-content\/uploads\/2025\/12\/1.jpg\" alt=\"V\u00fdt\u011b\u017eek z v\u00e1no\u010dn\u00edho jarmarku - 42 014 K\u010d, kter\u00fd byl v\u011bnov\u00e1n d\u011btem a \u017e\u00e1k\u016fm ze Z\u0160 a M\u0160 Hor\u0161ice\" srcset=\"https:\/\/skolahorsice.cz\/w\/wp-content\/uploads\/2025\/12\/1.jpg 454w, https:\/\/skolahorsice.cz\/w\/wp-content\/uploads\/2025\/12\/1-213x300.jpg 213w\" sizes=\"auto, (max-width: 350px) 100vw, 350px\" \/><br><strong>V\u00fdt\u011b\u017eek z v\u00e1no\u010dn\u00edho jarmarku &#8211; 42 014 K\u010d,<br>kter\u00fd byl v\u011bnov\u00e1n d\u011btem a \u017e\u00e1k\u016fm ze Z\u0160 a M\u0160 Hor\u0161ice<\/strong><\/p>\n\n\n\n<p class=\"has-white-color has-text-color has-background has-link-color wp-elements-b30e80d4510835fcdbfe001d16aaf3e9\" style=\"background-color:#d54228\"><strong>Z\u00e1jmov\u00e9 \u00fatvary\/ krou\u017eky<\/strong><br>Od \u0159\u00edjna za\u010d\u00ednaj\u00ed prob\u00edhat z\u00e1jmov\u00e9 krou\u017eky.<br><strong>V \u00fater\u00fd od 14, 00 \u2013 14, 45 hod. J\u00d3GA<\/strong><br><strong>Ve st\u0159edu od 13, 00 \u2013 13, 45 hod. M\u00cd\u010cOV\u00c9 A POHYBOV\u00c9 HRY<\/strong><br><strong>V p\u00e1tek od 12, 45 \u2013 13, 45 hod. TVO\u0158EN\u00cd\u010cKO<\/strong><\/p>\n\n\n\n<p class=\"has-text-align-center has-white-color has-text-color has-background has-link-color wp-elements-f00f4c6cc911c2c5154d7e6fae9ffa6d\" style=\"background-color:#2878c8\"><strong>Informace pro rodi\u010de \u017e\u00e1k\u016f 1.  ro\u010dn\u00edk\u016f <\/strong><span style=\"text-decoration: underline;\"><strong><a href=\"https:\/\/skolahorsice.cz\/w\/wp-content\/uploads\/2025\/03\/informace.pdf\">ZDE<\/a><\/strong><\/span><\/p>\n\n\n\n<p class=\"has-text-align-center has-white-color has-text-color has-background has-link-color wp-elements-8b26a4f565336dceb124cfafa7616b52\" style=\"background-color:#608000\"><strong> Vyu\u010dovac\u00ed hodiny a p\u0159est\u00e1vky <span style=\"text-decoration: underline;\"><a href=\"https:\/\/skolahorsice.cz\/w\/wp-content\/uploads\/2023\/08\/hodiny.pdf\">ZDE<\/a><\/span><\/strong><\/p>\n\n\n\n<p class=\"has-text-align-center has-white-color has-text-color has-background has-link-color wp-elements-f338d3960e556d48d806ab8901d08f6c\" style=\"background-color:#ce355c\"><strong>Pom\u016fcky a v\u011bci pro 1. ro\u010dn\u00edk<\/strong> <strong><span style=\"text-decoration: underline;\"><a href=\"https:\/\/skolahorsice.cz\/w\/wp-content\/uploads\/2024\/08\/1.doc\">ZDE<\/a><\/span><\/strong><br><strong> Pom\u016fcky pro \u017e\u00e1ky 2.-5. ro\u010dn\u00edku<\/strong> <strong><span style=\"text-decoration: underline;\"><a href=\"https:\/\/skolahorsice.cz\/w\/wp-content\/uploads\/2024\/08\/2.doc\">ZDE<\/a><\/span><\/strong> <\/p>\n\n\n\n<p><\/p>\n\n\n\n<p><\/p>\n\n\n\n<p><\/p>\n","protected":false},"excerpt":{"rendered":"<p>V\u00e1\u017een\u00ed z\u00e1konn\u00ed z\u00e1stupci,v \u00fater\u00fd 21. 4. 2026 v 16, 00 hod. se uskute\u010dn\u00ed t\u0159\u00eddn\u00ed sch\u016fzky,pot\u00e9 budou n\u00e1sledovat individu\u00e1ln\u00ed konzultaceo prosp\u011bchu a chov\u00e1n\u00ed \u017e\u00e1k\u016f za III. \u010dtvrtlet\u00ed. Nastaly u\u017e lep\u0161\u00ed \u010dasy?Minul\u00fd t\u00fdden jsem byla oslovena sle\u010dnou B\u00e1rou V\u00fdchodskou, kter\u00e1 se nyn\u00ed zapojila do veden\u00ed Ob\u010dasn\u00edku Hor\u0161icko s&nbsp;t\u00edm, \u017ee mi umo\u017en\u00ed vkl\u00e1dat sv\u00e9 p\u0159\u00edsp\u011bvky a informovat obec [&hellip;]<\/p>\n","protected":false},"author":1,"featured_media":0,"parent":0,"menu_order":0,"comment_status":"closed","ping_status":"closed","template":"","meta":{"footnotes":""},"class_list":["post-12","page","type-page","status-publish","hentry"],"_links":{"self":[{"href":"https:\/\/skolahorsice.cz\/w\/wp-json\/wp\/v2\/pages\/12","targetHints":{"allow":["GET"]}}],"collection":[{"href":"https:\/\/skolahorsice.cz\/w\/wp-json\/wp\/v2\/pages"}],"about":[{"href":"https:\/\/skolahorsice.cz\/w\/wp-json\/wp\/v2\/types\/page"}],"author":[{"embeddable":true,"href":"https:\/\/skolahorsice.cz\/w\/wp-json\/wp\/v2\/users\/1"}],"replies":[{"embeddable":true,"href":"https:\/\/skolahorsice.cz\/w\/wp-json\/wp\/v2\/comments?post=12"}],"version-history":[{"count":399,"href":"https:\/\/skolahorsice.cz\/w\/wp-json\/wp\/v2\/pages\/12\/revisions"}],"predecessor-version":[{"id":11048,"href":"https:\/\/skolahorsice.cz\/w\/wp-json\/wp\/v2\/pages\/12\/revisions\/11048"}],"wp:attachment":[{"href":"https:\/\/skolahorsice.cz\/w\/wp-json\/wp\/v2\/media?parent=12"}],"curies":[{"name":"wp","href":"https:\/\/api.w.org\/{rel}","templated":true}]}}